{"id":66,"date":"2020-05-16T09:59:38","date_gmt":"2020-05-16T09:59:38","guid":{"rendered":"http:\/\/istra-apartmani.com.hr\/?page_id=66"},"modified":"2020-05-17T08:55:26","modified_gmt":"2020-05-17T08:55:26","slug":"apartman-1","status":"publish","type":"page","link":"http:\/\/istra-apartmani.com.hr\/index.php\/apartman-1\/","title":{"rendered":"Apartman 1"},"content":{"rendered":"\n<p>Kalendar<\/p>\n\n\n\n<figure class=\"wp-block-image size-large is-resized\"><a href=\"http:\/\/istra-apartmani.com.hr\/wp-content\/uploads\/2020\/05\/Apartman-1-kalendar.pdf\"><img loading=\"lazy\" src=\"http:\/\/istra-apartmani.com.hr\/wp-content\/uploads\/2020\/05\/calendar-link.jpg\" alt=\"\" class=\"wp-image-221\" width=\"100\" height=\"100\" srcset=\"http:\/\/istra-apartmani.com.hr\/wp-content\/uploads\/2020\/05\/calendar-link-150x150.jpg 150w, http:\/\/istra-apartmani.com.hr\/wp-content\/uploads\/2020\/05\/calendar-link-100x100.jpg 100w\" sizes=\"(max-width: 100px) 100vw, 100px\" \/><\/a><\/figure>\n\n\n\n<p>Osnovni podaci<\/p>\n\n\n\n<p>1. kat<\/p>\n\n\n\n<p>Materijal izgradnje: Kamen<\/p>\n\n\n\n<p>Kucni ljubimci: 0<\/p>\n\n\n\n<p>Doma\u010din stanuje u ku\u0107i<\/p>\n\n\n\n<p>Godina izgradnje: 1960<\/p>\n\n\n\n<p>Godina renovacije: 2012<\/p>\n\n\n\n<p>Osobe: 4<\/p>\n\n\n\n<p>Sadr\u017eaji<\/p>\n\n\n\n<p>1 TV<\/p>\n\n\n\n<p>Satelitska antena<\/p>\n\n\n\n<p>Internet (besplatan, be\u017ei\u010dan)<\/p>\n\n\n\n<p>Prostorije<\/p>\n\n\n\n<p>Kuhinja: topla i hladna voda<\/p>\n\n\n\n<p>Dnevna soba br. 1<\/p>\n\n\n\n<p>Kau\u010d na razvla\u010denje (2 mjesta)<\/p>\n\n\n\n<p>Kuhinja br. 1<\/p>\n\n\n\n<p>Kupaonica br. 1<\/p>\n\n\n\n<p>Toalet: topla i hladna voda , Tu\u0161<\/p>\n\n\n\n<p>Spava\u0107a soba br. 1<\/p>\n\n\n\n<p>Bra\u010dni krevet (2 mjesta)<\/p>\n\n\n\n<p>Oprema<\/p>\n\n\n\n<p>\u0160tednjak (plin\/struja)<\/p>\n\n\n\n<p>Hladnjak<\/p>\n\n\n\n<p>Napa<\/p>\n\n\n\n<p>Duboko zamrzavanje: 50 l<\/p>\n\n\n\n<p>Aparat za kavu<\/p>\n\n\n\n<p>Mikrovalna pe\u0107nica<\/p>\n\n\n\n<p>Perilica rublja<\/p>\n\n\n\n<p>Energija\/grijanje<\/p>\n\n\n\n<p>Potpuna toplinska izolacija<\/p>\n\n\n\n<p>Grijanje na struju<\/p>\n\n\n\n<p>Klima ure\u0111aj h\/c: 1 kom.<\/p>\n\n\n\n<p>Oku\u0107nica<\/p>\n\n\n\n<p>Zajedni\u010dka parcela: 100 m2<\/p>\n\n\n\n<p>Zajedni\u010dki vrtni namje\u0161taj<\/p>\n\n\n\n<p>Parking na parceli: 1 mjesto<\/p>\n\n\n\n<p>Zajedni\u010dki ro\u0161tilj<\/p>\n\n\n\n<p>Terasa ili slicno br. 1: 15 m2<\/p>\n\n\n\n<p>Otvorena terasa<\/p>\n\n\n\n<p>Okolica<\/p>\n\n\n\n<p>Udaljenost od prvog susjeda: 10 m<\/p>\n\n\n\n<p>Udaljenost od trgovine: 100 m<\/p>\n\n\n\n<p>Udaljenost od restorana: 4 km<\/p>\n\n\n\n<p>Udaljenost od najbli\u017eeg grada: 7 km (Vodnjan)<\/p>\n\n\n\n<p>Udaljenost od mora: 9.5 km (\u0160ljun\u010dana pla\u017ea)<\/p>\n\n\n\n<figure class=\"wp-block-gallery columns-3 is-cropped\"><ul class=\"blocks-gallery-grid\"><li class=\"blocks-gallery-item\"><figure><a href=\"http:\/\/istra-apartmani.com.hr\/wp-content\/uploads\/2020\/05\/MG_6776.jpg\"><img loading=\"lazy\" width=\"900\" height=\"554\" src=\"http:\/\/istra-apartmani.com.hr\/wp-content\/uploads\/2020\/05\/MG_6776.jpg\" alt=\"\" data-id=\"182\" data-full-url=\"http:\/\/istra-apartmani.com.hr\/wp-content\/uploads\/2020\/05\/MG_6776.jpg\" data-link=\"http:\/\/istra-apartmani.com.hr\/index.php\/apartman-1\/mg_6776\/\" class=\"wp-image-182\" srcset=\"http:\/\/istra-apartmani.com.hr\/wp-content\/uploads\/2020\/05\/MG_6776.jpg 900w, http:\/\/istra-apartmani.com.hr\/wp-content\/uploads\/2020\/05\/MG_6776-300x185.jpg 300w, http:\/\/istra-apartmani.com.hr\/wp-content\/uploads\/2020\/05\/MG_6776-768x473.jpg 768w\" sizes=\"(max-width: 706px) 89vw, (max-width: 767px) 82vw, 740px\" \/><\/a><\/figure><\/li><li class=\"blocks-gallery-item\"><figure><a href=\"http:\/\/istra-apartmani.com.hr\/wp-content\/uploads\/2020\/05\/MG_6777.jpg\"><img loading=\"lazy\" width=\"900\" height=\"600\" src=\"http:\/\/istra-apartmani.com.hr\/wp-content\/uploads\/2020\/05\/MG_6777.jpg\" alt=\"\" data-id=\"183\" data-full-url=\"http:\/\/istra-apartmani.com.hr\/wp-content\/uploads\/2020\/05\/MG_6777.jpg\" data-link=\"http:\/\/istra-apartmani.com.hr\/index.php\/apartman-1\/mg_6777\/\" class=\"wp-image-183\" srcset=\"http:\/\/istra-apartmani.com.hr\/wp-content\/uploads\/2020\/05\/MG_6777.jpg 900w, http:\/\/istra-apartmani.com.hr\/wp-content\/uploads\/2020\/05\/MG_6777-300x200.jpg 300w, http:\/\/istra-apartmani.com.hr\/wp-content\/uploads\/2020\/05\/MG_6777-768x512.jpg 768w\" sizes=\"(max-width: 706px) 89vw, (max-width: 767px) 82vw, 740px\" \/><\/a><\/figure><\/li><li class=\"blocks-gallery-item\"><figure><a href=\"http:\/\/istra-apartmani.com.hr\/wp-content\/uploads\/2020\/05\/MG_6782.jpg\"><img loading=\"lazy\" width=\"900\" height=\"600\" src=\"http:\/\/istra-apartmani.com.hr\/wp-content\/uploads\/2020\/05\/MG_6782.jpg\" alt=\"\" data-id=\"184\" data-full-url=\"http:\/\/istra-apartmani.com.hr\/wp-content\/uploads\/2020\/05\/MG_6782.jpg\" data-link=\"http:\/\/istra-apartmani.com.hr\/index.php\/apartman-1\/mg_6782\/\" class=\"wp-image-184\" srcset=\"http:\/\/istra-apartmani.com.hr\/wp-content\/uploads\/2020\/05\/MG_6782.jpg 900w, http:\/\/istra-apartmani.com.hr\/wp-content\/uploads\/2020\/05\/MG_6782-300x200.jpg 300w, http:\/\/istra-apartmani.com.hr\/wp-content\/uploads\/2020\/05\/MG_6782-768x512.jpg 768w\" sizes=\"(max-width: 706px) 89vw, (max-width: 767px) 82vw, 740px\" \/><\/a><\/figure><\/li><li class=\"blocks-gallery-item\"><figure><a href=\"http:\/\/istra-apartmani.com.hr\/wp-content\/uploads\/2020\/05\/MG_7221.jpg\"><img loading=\"lazy\" width=\"900\" height=\"600\" src=\"http:\/\/istra-apartmani.com.hr\/wp-content\/uploads\/2020\/05\/MG_7221.jpg\" alt=\"\" data-id=\"185\" data-full-url=\"http:\/\/istra-apartmani.com.hr\/wp-content\/uploads\/2020\/05\/MG_7221.jpg\" data-link=\"http:\/\/istra-apartmani.com.hr\/index.php\/apartman-1\/mg_7221\/\" class=\"wp-image-185\" srcset=\"http:\/\/istra-apartmani.com.hr\/wp-content\/uploads\/2020\/05\/MG_7221.jpg 900w, http:\/\/istra-apartmani.com.hr\/wp-content\/uploads\/2020\/05\/MG_7221-300x200.jpg 300w, http:\/\/istra-apartmani.com.hr\/wp-content\/uploads\/2020\/05\/MG_7221-768x512.jpg 768w\" sizes=\"(max-width: 706px) 89vw, (max-width: 767px) 82vw, 740px\" \/><\/a><\/figure><\/li><li class=\"blocks-gallery-item\"><figure><a href=\"http:\/\/istra-apartmani.com.hr\/wp-content\/uploads\/2020\/05\/MG_7222.jpg\"><img loading=\"lazy\" width=\"900\" height=\"600\" src=\"http:\/\/istra-apartmani.com.hr\/wp-content\/uploads\/2020\/05\/MG_7222.jpg\" alt=\"\" data-id=\"186\" data-full-url=\"http:\/\/istra-apartmani.com.hr\/wp-content\/uploads\/2020\/05\/MG_7222.jpg\" data-link=\"http:\/\/istra-apartmani.com.hr\/index.php\/apartman-1\/mg_7222\/\" class=\"wp-image-186\" srcset=\"http:\/\/istra-apartmani.com.hr\/wp-content\/uploads\/2020\/05\/MG_7222.jpg 900w, http:\/\/istra-apartmani.com.hr\/wp-content\/uploads\/2020\/05\/MG_7222-300x200.jpg 300w, http:\/\/istra-apartmani.com.hr\/wp-content\/uploads\/2020\/05\/MG_7222-768x512.jpg 768w\" sizes=\"(max-width: 706px) 89vw, (max-width: 767px) 82vw, 740px\" \/><\/a><\/figure><\/li><li class=\"blocks-gallery-item\"><figure><a href=\"http:\/\/istra-apartmani.com.hr\/wp-content\/uploads\/2020\/05\/MG_7225.jpg\"><img loading=\"lazy\" width=\"900\" height=\"590\" src=\"http:\/\/istra-apartmani.com.hr\/wp-content\/uploads\/2020\/05\/MG_7225.jpg\" alt=\"\" data-id=\"187\" data-full-url=\"http:\/\/istra-apartmani.com.hr\/wp-content\/uploads\/2020\/05\/MG_7225.jpg\" data-link=\"http:\/\/istra-apartmani.com.hr\/index.php\/apartman-1\/mg_7225\/\" class=\"wp-image-187\" srcset=\"http:\/\/istra-apartmani.com.hr\/wp-content\/uploads\/2020\/05\/MG_7225.jpg 900w, http:\/\/istra-apartmani.com.hr\/wp-content\/uploads\/2020\/05\/MG_7225-300x197.jpg 300w, http:\/\/istra-apartmani.com.hr\/wp-content\/uploads\/2020\/05\/MG_7225-768x503.jpg 768w\" sizes=\"(max-width: 706px) 89vw, (max-width: 767px) 82vw, 740px\" \/><\/a><\/figure><\/li><li class=\"blocks-gallery-item\"><figure><a href=\"http:\/\/istra-apartmani.com.hr\/wp-content\/uploads\/2020\/05\/MG_7227.jpg\"><img loading=\"lazy\" width=\"900\" height=\"615\" src=\"http:\/\/istra-apartmani.com.hr\/wp-content\/uploads\/2020\/05\/MG_7227.jpg\" alt=\"\" data-id=\"188\" data-full-url=\"http:\/\/istra-apartmani.com.hr\/wp-content\/uploads\/2020\/05\/MG_7227.jpg\" data-link=\"http:\/\/istra-apartmani.com.hr\/index.php\/apartman-1\/mg_7227\/\" class=\"wp-image-188\" srcset=\"http:\/\/istra-apartmani.com.hr\/wp-content\/uploads\/2020\/05\/MG_7227.jpg 900w, http:\/\/istra-apartmani.com.hr\/wp-content\/uploads\/2020\/05\/MG_7227-300x205.jpg 300w, http:\/\/istra-apartmani.com.hr\/wp-content\/uploads\/2020\/05\/MG_7227-768x525.jpg 768w\" sizes=\"(max-width: 706px) 89vw, (max-width: 767px) 82vw, 740px\" \/><\/a><\/figure><\/li><li class=\"blocks-gallery-item\"><figure><a href=\"http:\/\/istra-apartmani.com.hr\/wp-content\/uploads\/2020\/05\/MG_7228.jpg\"><img loading=\"lazy\" width=\"900\" height=\"582\" src=\"http:\/\/istra-apartmani.com.hr\/wp-content\/uploads\/2020\/05\/MG_7228.jpg\" alt=\"\" data-id=\"189\" data-full-url=\"http:\/\/istra-apartmani.com.hr\/wp-content\/uploads\/2020\/05\/MG_7228.jpg\" data-link=\"http:\/\/istra-apartmani.com.hr\/index.php\/apartman-1\/mg_7228\/\" class=\"wp-image-189\" srcset=\"http:\/\/istra-apartmani.com.hr\/wp-content\/uploads\/2020\/05\/MG_7228.jpg 900w, http:\/\/istra-apartmani.com.hr\/wp-content\/uploads\/2020\/05\/MG_7228-300x194.jpg 300w, http:\/\/istra-apartmani.com.hr\/wp-content\/uploads\/2020\/05\/MG_7228-768x497.jpg 768w\" sizes=\"(max-width: 706px) 89vw, (max-width: 767px) 82vw, 740px\" \/><\/a><\/figure><\/li><li class=\"blocks-gallery-item\"><figure><a href=\"http:\/\/istra-apartmani.com.hr\/wp-content\/uploads\/2020\/05\/MG_7231.jpg\"><img loading=\"lazy\" width=\"900\" height=\"626\" src=\"http:\/\/istra-apartmani.com.hr\/wp-content\/uploads\/2020\/05\/MG_7231.jpg\" alt=\"\" data-id=\"190\" data-full-url=\"http:\/\/istra-apartmani.com.hr\/wp-content\/uploads\/2020\/05\/MG_7231.jpg\" data-link=\"http:\/\/istra-apartmani.com.hr\/index.php\/apartman-1\/mg_7231\/\" class=\"wp-image-190\" srcset=\"http:\/\/istra-apartmani.com.hr\/wp-content\/uploads\/2020\/05\/MG_7231.jpg 900w, http:\/\/istra-apartmani.com.hr\/wp-content\/uploads\/2020\/05\/MG_7231-300x209.jpg 300w, http:\/\/istra-apartmani.com.hr\/wp-content\/uploads\/2020\/05\/MG_7231-768x534.jpg 768w\" sizes=\"(max-width: 706px) 89vw, (max-width: 767px) 82vw, 740px\" \/><\/a><\/figure><\/li><li class=\"blocks-gallery-item\"><figure><a href=\"http:\/\/istra-apartmani.com.hr\/wp-content\/uploads\/2020\/05\/MG_7232.jpg\"><img loading=\"lazy\" width=\"900\" height=\"573\" src=\"http:\/\/istra-apartmani.com.hr\/wp-content\/uploads\/2020\/05\/MG_7232.jpg\" alt=\"\" data-id=\"191\" data-full-url=\"http:\/\/istra-apartmani.com.hr\/wp-content\/uploads\/2020\/05\/MG_7232.jpg\" data-link=\"http:\/\/istra-apartmani.com.hr\/index.php\/apartman-1\/mg_7232\/\" class=\"wp-image-191\" srcset=\"http:\/\/istra-apartmani.com.hr\/wp-content\/uploads\/2020\/05\/MG_7232.jpg 900w, http:\/\/istra-apartmani.com.hr\/wp-content\/uploads\/2020\/05\/MG_7232-300x191.jpg 300w, http:\/\/istra-apartmani.com.hr\/wp-content\/uploads\/2020\/05\/MG_7232-768x489.jpg 768w\" sizes=\"(max-width: 706px) 89vw, (max-width: 767px) 82vw, 740px\" \/><\/a><\/figure><\/li><li class=\"blocks-gallery-item\"><figure><a href=\"http:\/\/istra-apartmani.com.hr\/wp-content\/uploads\/2020\/05\/MG_7233.jpg\"><img loading=\"lazy\" width=\"900\" height=\"607\" src=\"http:\/\/istra-apartmani.com.hr\/wp-content\/uploads\/2020\/05\/MG_7233.jpg\" alt=\"\" data-id=\"192\" data-full-url=\"http:\/\/istra-apartmani.com.hr\/wp-content\/uploads\/2020\/05\/MG_7233.jpg\" data-link=\"http:\/\/istra-apartmani.com.hr\/index.php\/apartman-1\/mg_7233\/\" class=\"wp-image-192\" srcset=\"http:\/\/istra-apartmani.com.hr\/wp-content\/uploads\/2020\/05\/MG_7233.jpg 900w, http:\/\/istra-apartmani.com.hr\/wp-content\/uploads\/2020\/05\/MG_7233-300x202.jpg 300w, http:\/\/istra-apartmani.com.hr\/wp-content\/uploads\/2020\/05\/MG_7233-768x518.jpg 768w\" sizes=\"(max-width: 706px) 89vw, (max-width: 767px) 82vw, 740px\" \/><\/a><\/figure><\/li><li class=\"blocks-gallery-item\"><figure><a href=\"http:\/\/istra-apartmani.com.hr\/wp-content\/uploads\/2020\/05\/MG_7235.jpg\"><img loading=\"lazy\" width=\"900\" height=\"600\" src=\"http:\/\/istra-apartmani.com.hr\/wp-content\/uploads\/2020\/05\/MG_7235.jpg\" alt=\"\" data-id=\"193\" data-full-url=\"http:\/\/istra-apartmani.com.hr\/wp-content\/uploads\/2020\/05\/MG_7235.jpg\" data-link=\"http:\/\/istra-apartmani.com.hr\/index.php\/apartman-1\/mg_7235\/\" class=\"wp-image-193\" srcset=\"http:\/\/istra-apartmani.com.hr\/wp-content\/uploads\/2020\/05\/MG_7235.jpg 900w, http:\/\/istra-apartmani.com.hr\/wp-content\/uploads\/2020\/05\/MG_7235-300x200.jpg 300w, http:\/\/istra-apartmani.com.hr\/wp-content\/uploads\/2020\/05\/MG_7235-768x512.jpg 768w\" sizes=\"(max-width: 706px) 89vw, (max-width: 767px) 82vw, 740px\" \/><\/a><\/figure><\/li><li class=\"blocks-gallery-item\"><figure><a href=\"http:\/\/istra-apartmani.com.hr\/wp-content\/uploads\/2020\/05\/MG_7237.jpg\"><img loading=\"lazy\" width=\"900\" height=\"613\" src=\"http:\/\/istra-apartmani.com.hr\/wp-content\/uploads\/2020\/05\/MG_7237.jpg\" alt=\"\" data-id=\"194\" data-full-url=\"http:\/\/istra-apartmani.com.hr\/wp-content\/uploads\/2020\/05\/MG_7237.jpg\" data-link=\"http:\/\/istra-apartmani.com.hr\/index.php\/apartman-1\/mg_7237\/\" class=\"wp-image-194\" srcset=\"http:\/\/istra-apartmani.com.hr\/wp-content\/uploads\/2020\/05\/MG_7237.jpg 900w, http:\/\/istra-apartmani.com.hr\/wp-content\/uploads\/2020\/05\/MG_7237-300x204.jpg 300w, http:\/\/istra-apartmani.com.hr\/wp-content\/uploads\/2020\/05\/MG_7237-768x523.jpg 768w\" sizes=\"(max-width: 706px) 89vw, (max-width: 767px) 82vw, 740px\" \/><\/a><\/figure><\/li><li class=\"blocks-gallery-item\"><figure><a href=\"http:\/\/istra-apartmani.com.hr\/wp-content\/uploads\/2020\/05\/MG_7241.jpg\"><img loading=\"lazy\" width=\"587\" height=\"900\" src=\"http:\/\/istra-apartmani.com.hr\/wp-content\/uploads\/2020\/05\/MG_7241.jpg\" alt=\"\" data-id=\"195\" data-full-url=\"http:\/\/istra-apartmani.com.hr\/wp-content\/uploads\/2020\/05\/MG_7241.jpg\" data-link=\"http:\/\/istra-apartmani.com.hr\/index.php\/apartman-1\/mg_7241\/\" class=\"wp-image-195\" srcset=\"http:\/\/istra-apartmani.com.hr\/wp-content\/uploads\/2020\/05\/MG_7241.jpg 587w, http:\/\/istra-apartmani.com.hr\/wp-content\/uploads\/2020\/05\/MG_7241-196x300.jpg 196w\" sizes=\"(max-width: 587px) 100vw, 587px\" \/><\/a><\/figure><\/li><li class=\"blocks-gallery-item\"><figure><a href=\"http:\/\/istra-apartmani.com.hr\/wp-content\/uploads\/2020\/05\/MG_7243.jpg\"><img loading=\"lazy\" width=\"900\" height=\"600\" src=\"http:\/\/istra-apartmani.com.hr\/wp-content\/uploads\/2020\/05\/MG_7243.jpg\" alt=\"\" data-id=\"196\" data-full-url=\"http:\/\/istra-apartmani.com.hr\/wp-content\/uploads\/2020\/05\/MG_7243.jpg\" data-link=\"http:\/\/istra-apartmani.com.hr\/index.php\/apartman-1\/mg_7243\/\" class=\"wp-image-196\" srcset=\"http:\/\/istra-apartmani.com.hr\/wp-content\/uploads\/2020\/05\/MG_7243.jpg 900w, http:\/\/istra-apartmani.com.hr\/wp-content\/uploads\/2020\/05\/MG_7243-300x200.jpg 300w, http:\/\/istra-apartmani.com.hr\/wp-content\/uploads\/2020\/05\/MG_7243-768x512.jpg 768w\" sizes=\"(max-width: 706px) 89vw, (max-width: 767px) 82vw, 740px\" \/><\/a><\/figure><\/li><li class=\"blocks-gallery-item\"><figure><a href=\"http:\/\/istra-apartmani.com.hr\/wp-content\/uploads\/2020\/05\/MG_7245.jpg\"><img loading=\"lazy\" width=\"900\" height=\"600\" src=\"http:\/\/istra-apartmani.com.hr\/wp-content\/uploads\/2020\/05\/MG_7245.jpg\" alt=\"\" data-id=\"197\" data-full-url=\"http:\/\/istra-apartmani.com.hr\/wp-content\/uploads\/2020\/05\/MG_7245.jpg\" data-link=\"http:\/\/istra-apartmani.com.hr\/index.php\/apartman-1\/mg_7245\/\" class=\"wp-image-197\" srcset=\"http:\/\/istra-apartmani.com.hr\/wp-content\/uploads\/2020\/05\/MG_7245.jpg 900w, http:\/\/istra-apartmani.com.hr\/wp-content\/uploads\/2020\/05\/MG_7245-300x200.jpg 300w, http:\/\/istra-apartmani.com.hr\/wp-content\/uploads\/2020\/05\/MG_7245-768x512.jpg 768w\" sizes=\"(max-width: 706px) 89vw, (max-width: 767px) 82vw, 740px\" \/><\/a><\/figure><\/li><li class=\"blocks-gallery-item\"><figure><a href=\"http:\/\/istra-apartmani.com.hr\/wp-content\/uploads\/2020\/05\/MG_7248.jpg\"><img loading=\"lazy\" width=\"900\" height=\"643\" src=\"http:\/\/istra-apartmani.com.hr\/wp-content\/uploads\/2020\/05\/MG_7248.jpg\" alt=\"\" data-id=\"198\" data-full-url=\"http:\/\/istra-apartmani.com.hr\/wp-content\/uploads\/2020\/05\/MG_7248.jpg\" data-link=\"http:\/\/istra-apartmani.com.hr\/index.php\/apartman-1\/mg_7248\/\" class=\"wp-image-198\" srcset=\"http:\/\/istra-apartmani.com.hr\/wp-content\/uploads\/2020\/05\/MG_7248.jpg 900w, http:\/\/istra-apartmani.com.hr\/wp-content\/uploads\/2020\/05\/MG_7248-300x214.jpg 300w, http:\/\/istra-apartmani.com.hr\/wp-content\/uploads\/2020\/05\/MG_7248-768x549.jpg 768w\" sizes=\"(max-width: 706px) 89vw, (max-width: 767px) 82vw, 740px\" \/><\/a><\/figure><\/li><li class=\"blocks-gallery-item\"><figure><a href=\"http:\/\/istra-apartmani.com.hr\/wp-content\/uploads\/2020\/05\/MG_7249.jpg\"><img loading=\"lazy\" width=\"900\" height=\"600\" src=\"http:\/\/istra-apartmani.com.hr\/wp-content\/uploads\/2020\/05\/MG_7249.jpg\" alt=\"\" data-id=\"199\" data-full-url=\"http:\/\/istra-apartmani.com.hr\/wp-content\/uploads\/2020\/05\/MG_7249.jpg\" data-link=\"http:\/\/istra-apartmani.com.hr\/index.php\/apartman-1\/mg_7249\/\" class=\"wp-image-199\" srcset=\"http:\/\/istra-apartmani.com.hr\/wp-content\/uploads\/2020\/05\/MG_7249.jpg 900w, http:\/\/istra-apartmani.com.hr\/wp-content\/uploads\/2020\/05\/MG_7249-300x200.jpg 300w, http:\/\/istra-apartmani.com.hr\/wp-content\/uploads\/2020\/05\/MG_7249-768x512.jpg 768w\" sizes=\"(max-width: 706px) 89vw, (max-width: 767px) 82vw, 740px\" \/><\/a><\/figure><\/li><\/ul><\/figure>\n","protected":false},"excerpt":{"rendered":"<p>Kalendar Osnovni podaci 1. kat Materijal izgradnje: Kamen Kucni ljubimci: 0 Doma\u010din stanuje u ku\u0107i Godina izgradnje: 1960 Godina renovacije: 2012 Osobe: 4 Sadr\u017eaji 1 TV Satelitska antena Internet (besplatan, be\u017ei\u010dan) Prostorije Kuhinja: topla i hladna voda Dnevna soba br. 1 Kau\u010d na razvla\u010denje (2 mjesta) Kuhinja br. 1 Kupaonica br. 1 Toalet: topla i &hellip; <\/p>\n<p class=\"link-more\"><a href=\"http:\/\/istra-apartmani.com.hr\/index.php\/apartman-1\/\" class=\"more-link\">Continue reading<span class=\"screen-reader-text\"> &#8220;Apartman 1&#8221;<\/span><\/a><\/p>\n","protected":false},"author":1,"featured_media":0,"parent":0,"menu_order":0,"comment_status":"closed","ping_status":"closed","template":"","meta":[],"_links":{"self":[{"href":"http:\/\/istra-apartmani.com.hr\/index.php\/wp-json\/wp\/v2\/pages\/66"}],"collection":[{"href":"http:\/\/istra-apartmani.com.hr\/index.php\/wp-json\/wp\/v2\/pages"}],"about":[{"href":"http:\/\/istra-apartmani.com.hr\/index.php\/wp-json\/wp\/v2\/types\/page"}],"author":[{"embeddable":true,"href":"http:\/\/istra-apartmani.com.hr\/index.php\/wp-json\/wp\/v2\/users\/1"}],"replies":[{"embeddable":true,"href":"http:\/\/istra-apartmani.com.hr\/index.php\/wp-json\/wp\/v2\/comments?post=66"}],"version-history":[{"count":5,"href":"http:\/\/istra-apartmani.com.hr\/index.php\/wp-json\/wp\/v2\/pages\/66\/revisions"}],"predecessor-version":[{"id":320,"href":"http:\/\/istra-apartmani.com.hr\/index.php\/wp-json\/wp\/v2\/pages\/66\/revisions\/320"}],"wp:attachment":[{"href":"http:\/\/istra-apartmani.com.hr\/index.php\/wp-json\/wp\/v2\/media?parent=66"}],"curies":[{"name":"wp","href":"https:\/\/api.w.org\/{rel}","templated":true}]}}