{"id":30,"date":"2020-05-16T09:44:24","date_gmt":"2020-05-16T09:44:24","guid":{"rendered":"http:\/\/istra-apartmani.com.hr\/?page_id=30"},"modified":"2020-05-17T08:56:31","modified_gmt":"2020-05-17T08:56:31","slug":"apartman-2","status":"publish","type":"page","link":"http:\/\/istra-apartmani.com.hr\/index.php\/apartman-2\/","title":{"rendered":"Apartman 2"},"content":{"rendered":"\n<p>Kalendar<\/p>\n\n\n\n<figure class=\"wp-block-image size-large is-resized\"><a href=\"http:\/\/istra-apartmani.com.hr\/wp-content\/uploads\/2020\/05\/Apartman-2-kalendar.pdf\"><img loading=\"lazy\" src=\"http:\/\/istra-apartmani.com.hr\/wp-content\/uploads\/2020\/05\/calendar-link.jpg\" alt=\"\" class=\"wp-image-221\" width=\"100\" height=\"100\" srcset=\"http:\/\/istra-apartmani.com.hr\/wp-content\/uploads\/2020\/05\/calendar-link-150x150.jpg 150w, http:\/\/istra-apartmani.com.hr\/wp-content\/uploads\/2020\/05\/calendar-link-100x100.jpg 100w\" sizes=\"(max-width: 100px) 100vw, 100px\" \/><\/a><\/figure>\n\n\n\n<p>Osnovni podaci<\/p>\n\n\n\n<p>Prizemlje<\/p>\n\n\n\n<p>Materijal izgradnje: Kamen<\/p>\n\n\n\n<p>Ku\u0107ni ljubimci: 0<\/p>\n\n\n\n<p>Doma\u010din stanuje u ku\u0107i<\/p>\n\n\n\n<p>Godina izgradnje: 1960<\/p>\n\n\n\n<p>Godina renovacije: 2012<\/p>\n\n\n\n<p>Osobe: 4<\/p>\n\n\n\n<p>Sadr\u017eaji<\/p>\n\n\n\n<p>1 TV<\/p>\n\n\n\n<p>Satelitska antena<\/p>\n\n\n\n<p>Internet (besplatan, be\u017ei\u010dan)<\/p>\n\n\n\n<p>Prostorije<\/p>\n\n\n\n<p>Kuhinja: topla i hladna voda<\/p>\n\n\n\n<p>Dnevni-kuhinja br. 1<\/p>\n\n\n\n<p>Kau\u010d na razvla\u010denje (2 mjesta)<\/p>\n\n\n\n<p>Kupaonica br. 1<\/p>\n\n\n\n<p>Toalet: topla i hladna voda , Tu\u0161<\/p>\n\n\n\n<p>Spava\u0107a soba br. 1<\/p>\n\n\n\n<p>Bra\u010dni krevet (2 mjesta)<\/p>\n\n\n\n<p>Oprema<\/p>\n\n\n\n<p>\u0160tednjak (plin\/struja)<\/p>\n\n\n\n<p>Hladnjak<\/p>\n\n\n\n<p>Napa<\/p>\n\n\n\n<p>Duboko zamrzavanje: 50 l<\/p>\n\n\n\n<p>Aparat za kavu<\/p>\n\n\n\n<p>Mikrovalna pe\u0107nica<\/p>\n\n\n\n<p>Perilica rublja<\/p>\n\n\n\n<p>Perilica posu\u0111a<\/p>\n\n\n\n<p>Energija\/grijanje<\/p>\n\n\n\n<p>Potpuna toplinska izolacija<\/p>\n\n\n\n<p>Grijanje na struju<\/p>\n\n\n\n<p>Kamin<\/p>\n\n\n\n<p>Klima ure\u0111aj h\/c: 1 kom.<\/p>\n\n\n\n<p>Oku\u0107nica<\/p>\n\n\n\n<p>Zajedni\u010dka parcela: 100 m2<\/p>\n\n\n\n<p>Zajedni\u010dki vrtni namje\u0161taj<\/p>\n\n\n\n<p>Parking na parceli: 1 mjesto<\/p>\n\n\n\n<p>Zajedni\u010dki ro\u0161tilj<\/p>\n\n\n\n<p>Terasa&nbsp; br. 1: 15 m2<\/p>\n\n\n\n<p>Otvorena terasa<\/p>\n\n\n\n<p>Okolica<\/p>\n\n\n\n<p>Udaljenost od prvog susjeda: 10 m<\/p>\n\n\n\n<p>Udaljenost od trgovine: 100 m<\/p>\n\n\n\n<p>Udaljenost od restorana: 4 km<\/p>\n\n\n\n<p>Udaljenost od najbli\u017eeg grada: 7 km (Vodnjan)<\/p>\n\n\n\n<p>Udaljenost od mora: 9.5 km (\u0160ljun\u010dana plaza)<\/p>\n\n\n\n<figure class=\"wp-block-gallery columns-3 is-cropped\"><ul class=\"blocks-gallery-grid\"><li class=\"blocks-gallery-item\"><figure><a href=\"http:\/\/istra-apartmani.com.hr\/wp-content\/uploads\/2020\/05\/MG_6776-1.jpg\"><img loading=\"lazy\" width=\"900\" height=\"554\" src=\"http:\/\/istra-apartmani.com.hr\/wp-content\/uploads\/2020\/05\/MG_6776-1.jpg\" alt=\"\" data-id=\"217\" data-full-url=\"http:\/\/istra-apartmani.com.hr\/wp-content\/uploads\/2020\/05\/MG_6776-1.jpg\" data-link=\"http:\/\/istra-apartmani.com.hr\/index.php\/apartman-2\/mg_6776-1\/\" class=\"wp-image-217\" srcset=\"http:\/\/istra-apartmani.com.hr\/wp-content\/uploads\/2020\/05\/MG_6776-1.jpg 900w, http:\/\/istra-apartmani.com.hr\/wp-content\/uploads\/2020\/05\/MG_6776-1-300x185.jpg 300w, http:\/\/istra-apartmani.com.hr\/wp-content\/uploads\/2020\/05\/MG_6776-1-768x473.jpg 768w\" sizes=\"(max-width: 706px) 89vw, (max-width: 767px) 82vw, 740px\" \/><\/a><\/figure><\/li><li class=\"blocks-gallery-item\"><figure><a href=\"http:\/\/istra-apartmani.com.hr\/wp-content\/uploads\/2020\/05\/MG_6777-1.jpg\"><img loading=\"lazy\" width=\"900\" height=\"600\" src=\"http:\/\/istra-apartmani.com.hr\/wp-content\/uploads\/2020\/05\/MG_6777-1.jpg\" alt=\"\" data-id=\"218\" data-full-url=\"http:\/\/istra-apartmani.com.hr\/wp-content\/uploads\/2020\/05\/MG_6777-1.jpg\" data-link=\"http:\/\/istra-apartmani.com.hr\/index.php\/apartman-2\/mg_6777-1\/\" class=\"wp-image-218\" srcset=\"http:\/\/istra-apartmani.com.hr\/wp-content\/uploads\/2020\/05\/MG_6777-1.jpg 900w, http:\/\/istra-apartmani.com.hr\/wp-content\/uploads\/2020\/05\/MG_6777-1-300x200.jpg 300w, http:\/\/istra-apartmani.com.hr\/wp-content\/uploads\/2020\/05\/MG_6777-1-768x512.jpg 768w\" sizes=\"(max-width: 706px) 89vw, (max-width: 767px) 82vw, 740px\" \/><\/a><\/figure><\/li><li class=\"blocks-gallery-item\"><figure><a href=\"http:\/\/istra-apartmani.com.hr\/wp-content\/uploads\/2020\/05\/MG_6782-1.jpg\"><img loading=\"lazy\" width=\"900\" height=\"600\" src=\"http:\/\/istra-apartmani.com.hr\/wp-content\/uploads\/2020\/05\/MG_6782-1.jpg\" alt=\"\" data-id=\"219\" data-full-url=\"http:\/\/istra-apartmani.com.hr\/wp-content\/uploads\/2020\/05\/MG_6782-1.jpg\" data-link=\"http:\/\/istra-apartmani.com.hr\/index.php\/apartman-2\/mg_6782-1\/\" class=\"wp-image-219\" srcset=\"http:\/\/istra-apartmani.com.hr\/wp-content\/uploads\/2020\/05\/MG_6782-1.jpg 900w, http:\/\/istra-apartmani.com.hr\/wp-content\/uploads\/2020\/05\/MG_6782-1-300x200.jpg 300w, http:\/\/istra-apartmani.com.hr\/wp-content\/uploads\/2020\/05\/MG_6782-1-768x512.jpg 768w\" sizes=\"(max-width: 706px) 89vw, (max-width: 767px) 82vw, 740px\" \/><\/a><\/figure><\/li><li class=\"blocks-gallery-item\"><figure><a href=\"http:\/\/istra-apartmani.com.hr\/wp-content\/uploads\/2020\/05\/MG_7256.jpg\"><img loading=\"lazy\" width=\"900\" height=\"600\" src=\"http:\/\/istra-apartmani.com.hr\/wp-content\/uploads\/2020\/05\/MG_7256.jpg\" alt=\"\" data-id=\"201\" data-link=\"http:\/\/istra-apartmani.com.hr\/index.php\/apartman-2\/mg_7256\/\" class=\"wp-image-201\" srcset=\"http:\/\/istra-apartmani.com.hr\/wp-content\/uploads\/2020\/05\/MG_7256.jpg 900w, http:\/\/istra-apartmani.com.hr\/wp-content\/uploads\/2020\/05\/MG_7256-300x200.jpg 300w, http:\/\/istra-apartmani.com.hr\/wp-content\/uploads\/2020\/05\/MG_7256-768x512.jpg 768w\" sizes=\"(max-width: 706px) 89vw, (max-width: 767px) 82vw, 740px\" \/><\/a><\/figure><\/li><li class=\"blocks-gallery-item\"><figure><a href=\"http:\/\/istra-apartmani.com.hr\/wp-content\/uploads\/2020\/05\/MG_7257.jpg\"><img loading=\"lazy\" width=\"900\" height=\"600\" src=\"http:\/\/istra-apartmani.com.hr\/wp-content\/uploads\/2020\/05\/MG_7257.jpg\" alt=\"\" data-id=\"202\" data-link=\"http:\/\/istra-apartmani.com.hr\/index.php\/apartman-2\/mg_7257\/\" class=\"wp-image-202\" srcset=\"http:\/\/istra-apartmani.com.hr\/wp-content\/uploads\/2020\/05\/MG_7257.jpg 900w, http:\/\/istra-apartmani.com.hr\/wp-content\/uploads\/2020\/05\/MG_7257-300x200.jpg 300w, http:\/\/istra-apartmani.com.hr\/wp-content\/uploads\/2020\/05\/MG_7257-768x512.jpg 768w\" sizes=\"(max-width: 706px) 89vw, (max-width: 767px) 82vw, 740px\" \/><\/a><\/figure><\/li><li class=\"blocks-gallery-item\"><figure><a href=\"http:\/\/istra-apartmani.com.hr\/wp-content\/uploads\/2020\/05\/MG_7259.jpg\"><img loading=\"lazy\" width=\"900\" height=\"587\" src=\"http:\/\/istra-apartmani.com.hr\/wp-content\/uploads\/2020\/05\/MG_7259.jpg\" alt=\"\" data-id=\"203\" data-link=\"http:\/\/istra-apartmani.com.hr\/index.php\/apartman-2\/mg_7259\/\" class=\"wp-image-203\" srcset=\"http:\/\/istra-apartmani.com.hr\/wp-content\/uploads\/2020\/05\/MG_7259.jpg 900w, http:\/\/istra-apartmani.com.hr\/wp-content\/uploads\/2020\/05\/MG_7259-300x196.jpg 300w, http:\/\/istra-apartmani.com.hr\/wp-content\/uploads\/2020\/05\/MG_7259-768x501.jpg 768w\" sizes=\"(max-width: 706px) 89vw, (max-width: 767px) 82vw, 740px\" \/><\/a><\/figure><\/li><li class=\"blocks-gallery-item\"><figure><a href=\"http:\/\/istra-apartmani.com.hr\/wp-content\/uploads\/2020\/05\/MG_7262.jpg\"><img loading=\"lazy\" width=\"900\" height=\"655\" src=\"http:\/\/istra-apartmani.com.hr\/wp-content\/uploads\/2020\/05\/MG_7262.jpg\" alt=\"\" data-id=\"204\" data-link=\"http:\/\/istra-apartmani.com.hr\/index.php\/apartman-2\/mg_7262\/\" class=\"wp-image-204\" srcset=\"http:\/\/istra-apartmani.com.hr\/wp-content\/uploads\/2020\/05\/MG_7262.jpg 900w, http:\/\/istra-apartmani.com.hr\/wp-content\/uploads\/2020\/05\/MG_7262-300x218.jpg 300w, http:\/\/istra-apartmani.com.hr\/wp-content\/uploads\/2020\/05\/MG_7262-768x559.jpg 768w\" sizes=\"(max-width: 706px) 89vw, (max-width: 767px) 82vw, 740px\" \/><\/a><\/figure><\/li><li class=\"blocks-gallery-item\"><figure><a href=\"http:\/\/istra-apartmani.com.hr\/wp-content\/uploads\/2020\/05\/MG_7265.jpg\"><img loading=\"lazy\" width=\"900\" height=\"602\" src=\"http:\/\/istra-apartmani.com.hr\/wp-content\/uploads\/2020\/05\/MG_7265.jpg\" alt=\"\" data-id=\"205\" data-link=\"http:\/\/istra-apartmani.com.hr\/index.php\/apartman-2\/mg_7265\/\" class=\"wp-image-205\" srcset=\"http:\/\/istra-apartmani.com.hr\/wp-content\/uploads\/2020\/05\/MG_7265.jpg 900w, http:\/\/istra-apartmani.com.hr\/wp-content\/uploads\/2020\/05\/MG_7265-300x201.jpg 300w, http:\/\/istra-apartmani.com.hr\/wp-content\/uploads\/2020\/05\/MG_7265-768x514.jpg 768w\" sizes=\"(max-width: 706px) 89vw, (max-width: 767px) 82vw, 740px\" \/><\/a><\/figure><\/li><li class=\"blocks-gallery-item\"><figure><a href=\"http:\/\/istra-apartmani.com.hr\/wp-content\/uploads\/2020\/05\/MG_7271.jpg\"><img loading=\"lazy\" width=\"900\" height=\"600\" src=\"http:\/\/istra-apartmani.com.hr\/wp-content\/uploads\/2020\/05\/MG_7271.jpg\" alt=\"\" data-id=\"206\" data-link=\"http:\/\/istra-apartmani.com.hr\/index.php\/apartman-2\/mg_7271\/\" class=\"wp-image-206\" srcset=\"http:\/\/istra-apartmani.com.hr\/wp-content\/uploads\/2020\/05\/MG_7271.jpg 900w, http:\/\/istra-apartmani.com.hr\/wp-content\/uploads\/2020\/05\/MG_7271-300x200.jpg 300w, http:\/\/istra-apartmani.com.hr\/wp-content\/uploads\/2020\/05\/MG_7271-768x512.jpg 768w\" sizes=\"(max-width: 706px) 89vw, (max-width: 767px) 82vw, 740px\" \/><\/a><\/figure><\/li><li class=\"blocks-gallery-item\"><figure><a href=\"http:\/\/istra-apartmani.com.hr\/wp-content\/uploads\/2020\/05\/MG_7273.jpg\"><img loading=\"lazy\" width=\"900\" height=\"600\" src=\"http:\/\/istra-apartmani.com.hr\/wp-content\/uploads\/2020\/05\/MG_7273.jpg\" alt=\"\" data-id=\"207\" data-link=\"http:\/\/istra-apartmani.com.hr\/index.php\/apartman-2\/mg_7273\/\" class=\"wp-image-207\" srcset=\"http:\/\/istra-apartmani.com.hr\/wp-content\/uploads\/2020\/05\/MG_7273.jpg 900w, http:\/\/istra-apartmani.com.hr\/wp-content\/uploads\/2020\/05\/MG_7273-300x200.jpg 300w, http:\/\/istra-apartmani.com.hr\/wp-content\/uploads\/2020\/05\/MG_7273-768x512.jpg 768w\" sizes=\"(max-width: 706px) 89vw, (max-width: 767px) 82vw, 740px\" \/><\/a><\/figure><\/li><li class=\"blocks-gallery-item\"><figure><a href=\"http:\/\/istra-apartmani.com.hr\/wp-content\/uploads\/2020\/05\/MG_7275.jpg\"><img loading=\"lazy\" width=\"900\" height=\"675\" src=\"http:\/\/istra-apartmani.com.hr\/wp-content\/uploads\/2020\/05\/MG_7275.jpg\" alt=\"\" data-id=\"208\" data-link=\"http:\/\/istra-apartmani.com.hr\/index.php\/apartman-2\/mg_7275\/\" class=\"wp-image-208\" srcset=\"http:\/\/istra-apartmani.com.hr\/wp-content\/uploads\/2020\/05\/MG_7275.jpg 900w, http:\/\/istra-apartmani.com.hr\/wp-content\/uploads\/2020\/05\/MG_7275-300x225.jpg 300w, http:\/\/istra-apartmani.com.hr\/wp-content\/uploads\/2020\/05\/MG_7275-768x576.jpg 768w\" sizes=\"(max-width: 706px) 89vw, (max-width: 767px) 82vw, 740px\" \/><\/a><\/figure><\/li><li class=\"blocks-gallery-item\"><figure><a href=\"http:\/\/istra-apartmani.com.hr\/wp-content\/uploads\/2020\/05\/MG_7277.jpg\"><img loading=\"lazy\" width=\"900\" height=\"600\" src=\"http:\/\/istra-apartmani.com.hr\/wp-content\/uploads\/2020\/05\/MG_7277.jpg\" alt=\"\" data-id=\"209\" data-link=\"http:\/\/istra-apartmani.com.hr\/index.php\/apartman-2\/mg_7277\/\" class=\"wp-image-209\" srcset=\"http:\/\/istra-apartmani.com.hr\/wp-content\/uploads\/2020\/05\/MG_7277.jpg 900w, http:\/\/istra-apartmani.com.hr\/wp-content\/uploads\/2020\/05\/MG_7277-300x200.jpg 300w, http:\/\/istra-apartmani.com.hr\/wp-content\/uploads\/2020\/05\/MG_7277-768x512.jpg 768w\" sizes=\"(max-width: 706px) 89vw, (max-width: 767px) 82vw, 740px\" \/><\/a><\/figure><\/li><li class=\"blocks-gallery-item\"><figure><a href=\"http:\/\/istra-apartmani.com.hr\/wp-content\/uploads\/2020\/05\/MG_7278.jpg\"><img loading=\"lazy\" width=\"900\" height=\"600\" src=\"http:\/\/istra-apartmani.com.hr\/wp-content\/uploads\/2020\/05\/MG_7278.jpg\" alt=\"\" data-id=\"210\" data-link=\"http:\/\/istra-apartmani.com.hr\/index.php\/apartman-2\/mg_7278\/\" class=\"wp-image-210\" srcset=\"http:\/\/istra-apartmani.com.hr\/wp-content\/uploads\/2020\/05\/MG_7278.jpg 900w, http:\/\/istra-apartmani.com.hr\/wp-content\/uploads\/2020\/05\/MG_7278-300x200.jpg 300w, http:\/\/istra-apartmani.com.hr\/wp-content\/uploads\/2020\/05\/MG_7278-768x512.jpg 768w\" sizes=\"(max-width: 706px) 89vw, (max-width: 767px) 82vw, 740px\" \/><\/a><\/figure><\/li><li class=\"blocks-gallery-item\"><figure><a href=\"http:\/\/istra-apartmani.com.hr\/wp-content\/uploads\/2020\/05\/MG_7280.jpg\"><img loading=\"lazy\" width=\"900\" height=\"600\" src=\"http:\/\/istra-apartmani.com.hr\/wp-content\/uploads\/2020\/05\/MG_7280.jpg\" alt=\"\" data-id=\"211\" data-link=\"http:\/\/istra-apartmani.com.hr\/index.php\/apartman-2\/mg_7280\/\" class=\"wp-image-211\" srcset=\"http:\/\/istra-apartmani.com.hr\/wp-content\/uploads\/2020\/05\/MG_7280.jpg 900w, http:\/\/istra-apartmani.com.hr\/wp-content\/uploads\/2020\/05\/MG_7280-300x200.jpg 300w, http:\/\/istra-apartmani.com.hr\/wp-content\/uploads\/2020\/05\/MG_7280-768x512.jpg 768w\" sizes=\"(max-width: 706px) 89vw, (max-width: 767px) 82vw, 740px\" \/><\/a><\/figure><\/li><li class=\"blocks-gallery-item\"><figure><a href=\"http:\/\/istra-apartmani.com.hr\/wp-content\/uploads\/2020\/05\/MG_7282.jpg\"><img loading=\"lazy\" width=\"900\" height=\"600\" src=\"http:\/\/istra-apartmani.com.hr\/wp-content\/uploads\/2020\/05\/MG_7282.jpg\" alt=\"\" data-id=\"212\" data-link=\"http:\/\/istra-apartmani.com.hr\/index.php\/apartman-2\/mg_7282\/\" class=\"wp-image-212\" srcset=\"http:\/\/istra-apartmani.com.hr\/wp-content\/uploads\/2020\/05\/MG_7282.jpg 900w, http:\/\/istra-apartmani.com.hr\/wp-content\/uploads\/2020\/05\/MG_7282-300x200.jpg 300w, http:\/\/istra-apartmani.com.hr\/wp-content\/uploads\/2020\/05\/MG_7282-768x512.jpg 768w\" sizes=\"(max-width: 706px) 89vw, (max-width: 767px) 82vw, 740px\" \/><\/a><\/figure><\/li><li class=\"blocks-gallery-item\"><figure><a href=\"http:\/\/istra-apartmani.com.hr\/wp-content\/uploads\/2020\/05\/MG_7283.jpg\"><img loading=\"lazy\" width=\"900\" height=\"600\" src=\"http:\/\/istra-apartmani.com.hr\/wp-content\/uploads\/2020\/05\/MG_7283.jpg\" alt=\"\" data-id=\"213\" data-link=\"http:\/\/istra-apartmani.com.hr\/index.php\/apartman-2\/mg_7283\/\" class=\"wp-image-213\" srcset=\"http:\/\/istra-apartmani.com.hr\/wp-content\/uploads\/2020\/05\/MG_7283.jpg 900w, http:\/\/istra-apartmani.com.hr\/wp-content\/uploads\/2020\/05\/MG_7283-300x200.jpg 300w, http:\/\/istra-apartmani.com.hr\/wp-content\/uploads\/2020\/05\/MG_7283-768x512.jpg 768w\" sizes=\"(max-width: 706px) 89vw, (max-width: 767px) 82vw, 740px\" \/><\/a><\/figure><\/li><li class=\"blocks-gallery-item\"><figure><a href=\"http:\/\/istra-apartmani.com.hr\/wp-content\/uploads\/2020\/05\/MG_7284.jpg\"><img loading=\"lazy\" width=\"900\" height=\"593\" src=\"http:\/\/istra-apartmani.com.hr\/wp-content\/uploads\/2020\/05\/MG_7284.jpg\" alt=\"\" data-id=\"214\" data-link=\"http:\/\/istra-apartmani.com.hr\/index.php\/apartman-2\/mg_7284\/\" class=\"wp-image-214\" srcset=\"http:\/\/istra-apartmani.com.hr\/wp-content\/uploads\/2020\/05\/MG_7284.jpg 900w, http:\/\/istra-apartmani.com.hr\/wp-content\/uploads\/2020\/05\/MG_7284-300x198.jpg 300w, http:\/\/istra-apartmani.com.hr\/wp-content\/uploads\/2020\/05\/MG_7284-768x506.jpg 768w\" sizes=\"(max-width: 706px) 89vw, (max-width: 767px) 82vw, 740px\" \/><\/a><\/figure><\/li><li class=\"blocks-gallery-item\"><figure><a href=\"http:\/\/istra-apartmani.com.hr\/wp-content\/uploads\/2020\/05\/MG_7288.jpg\"><img loading=\"lazy\" width=\"900\" height=\"600\" src=\"http:\/\/istra-apartmani.com.hr\/wp-content\/uploads\/2020\/05\/MG_7288.jpg\" alt=\"\" data-id=\"215\" data-link=\"http:\/\/istra-apartmani.com.hr\/index.php\/apartman-2\/mg_7288\/\" class=\"wp-image-215\" srcset=\"http:\/\/istra-apartmani.com.hr\/wp-content\/uploads\/2020\/05\/MG_7288.jpg 900w, http:\/\/istra-apartmani.com.hr\/wp-content\/uploads\/2020\/05\/MG_7288-300x200.jpg 300w, http:\/\/istra-apartmani.com.hr\/wp-content\/uploads\/2020\/05\/MG_7288-768x512.jpg 768w\" sizes=\"(max-width: 706px) 89vw, (max-width: 767px) 82vw, 740px\" \/><\/a><\/figure><\/li><li class=\"blocks-gallery-item\"><figure><a href=\"http:\/\/istra-apartmani.com.hr\/wp-content\/uploads\/2020\/05\/MG_7289.jpg\"><img loading=\"lazy\" width=\"600\" height=\"900\" src=\"http:\/\/istra-apartmani.com.hr\/wp-content\/uploads\/2020\/05\/MG_7289.jpg\" alt=\"\" data-id=\"216\" data-link=\"http:\/\/istra-apartmani.com.hr\/index.php\/apartman-2\/mg_7289\/\" class=\"wp-image-216\" srcset=\"http:\/\/istra-apartmani.com.hr\/wp-content\/uploads\/2020\/05\/MG_7289.jpg 600w, http:\/\/istra-apartmani.com.hr\/wp-content\/uploads\/2020\/05\/MG_7289-200x300.jpg 200w\" sizes=\"(max-width: 600px) 100vw, 600px\" \/><\/a><\/figure><\/li><\/ul><\/figure>\n","protected":false},"excerpt":{"rendered":"<p>Kalendar Osnovni podaci Prizemlje Materijal izgradnje: Kamen Ku\u0107ni ljubimci: 0 Doma\u010din stanuje u ku\u0107i Godina izgradnje: 1960 Godina renovacije: 2012 Osobe: 4 Sadr\u017eaji 1 TV Satelitska antena Internet (besplatan, be\u017ei\u010dan) Prostorije Kuhinja: topla i hladna voda Dnevni-kuhinja br. 1 Kau\u010d na razvla\u010denje (2 mjesta) Kupaonica br. 1 Toalet: topla i hladna voda , Tu\u0161 Spava\u0107a &hellip; <\/p>\n<p class=\"link-more\"><a href=\"http:\/\/istra-apartmani.com.hr\/index.php\/apartman-2\/\" class=\"more-link\">Continue reading<span class=\"screen-reader-text\"> &#8220;Apartman 2&#8221;<\/span><\/a><\/p>\n","protected":false},"author":1,"featured_media":0,"parent":0,"menu_order":0,"comment_status":"closed","ping_status":"closed","template":"","meta":[],"_links":{"self":[{"href":"http:\/\/istra-apartmani.com.hr\/index.php\/wp-json\/wp\/v2\/pages\/30"}],"collection":[{"href":"http:\/\/istra-apartmani.com.hr\/index.php\/wp-json\/wp\/v2\/pages"}],"about":[{"href":"http:\/\/istra-apartmani.com.hr\/index.php\/wp-json\/wp\/v2\/types\/page"}],"author":[{"embeddable":true,"href":"http:\/\/istra-apartmani.com.hr\/index.php\/wp-json\/wp\/v2\/users\/1"}],"replies":[{"embeddable":true,"href":"http:\/\/istra-apartmani.com.hr\/index.php\/wp-json\/wp\/v2\/comments?post=30"}],"version-history":[{"count":6,"href":"http:\/\/istra-apartmani.com.hr\/index.php\/wp-json\/wp\/v2\/pages\/30\/revisions"}],"predecessor-version":[{"id":324,"href":"http:\/\/istra-apartmani.com.hr\/index.php\/wp-json\/wp\/v2\/pages\/30\/revisions\/324"}],"wp:attachment":[{"href":"http:\/\/istra-apartmani.com.hr\/index.php\/wp-json\/wp\/v2\/media?parent=30"}],"curies":[{"name":"wp","href":"https:\/\/api.w.org\/{rel}","templated":true}]}}