{"id":28,"date":"2020-05-16T09:44:24","date_gmt":"2020-05-16T09:44:24","guid":{"rendered":"http:\/\/istra-apartmani.com.hr\/?page_id=28"},"modified":"2020-05-18T10:03:13","modified_gmt":"2020-05-18T10:03:13","slug":"home","status":"publish","type":"page","link":"http:\/\/istra-apartmani.com.hr\/","title":{"rendered":"Luksuzna ku\u0107a za odmor"},"content":{"rendered":"\n<p>Na ure\u0111enoj i ogra\u0111enoj parceli mjesta Orbani\u0107i nalaze se ova dva novo opremljena apartmana za odmor, te preure\u0111ena i potpuno adaptirana luksuzna ku\u0107a za odmor. Vrlo lijepo i kvalitetno ure\u0111eni nude komfor u miru istarskog sela, a opet samo dvadesetak minuta vo\u017enje autom udaljeni od prvih pla\u017ea i turisti\u010dkih sredi\u0161ta. Svaki od apartmana posjeduje vlastitu terasu dok se u dvori\u0161tu nalazi zajedni\u010dki ro\u0161tilj. Istra\u017eite okolicu i otkrijte \u010dari istarskih konoba, uputite se do nedalekih ran\u010deva na kojima se mo\u017eete oku\u0161ati u jahanju ili posjetite adrenalin park. U ve\u010dernjim satima obi\u0111ite obli\u017enju Pulu gdje mo\u017eete vidjeti povijesne znamenitosti kao \u0161to su poznati rimski amfiteatar Arena.<\/p>\n\n\n\n<p><\/p>\n\n\n\n<p><\/p>\n\n\n\n<p>Fa\u017eana 10km<\/p>\n\n\n\n<figure class=\"wp-block-image size-large is-resized\"><a href=\"https:\/\/www.infofazana.hr\/\"><img loading=\"lazy\" src=\"http:\/\/istra-apartmani.com.hr\/wp-content\/uploads\/2020\/05\/1200px-Fazana7-1024x760.jpg\" alt=\"\" class=\"wp-image-75\" width=\"100\" height=\"100\" srcset=\"http:\/\/istra-apartmani.com.hr\/wp-content\/uploads\/2020\/05\/1200px-Fazana7-150x150.jpg 150w, http:\/\/istra-apartmani.com.hr\/wp-content\/uploads\/2020\/05\/1200px-Fazana7-100x100.jpg 100w\" sizes=\"(max-width: 100px) 100vw, 100px\" \/><\/a><\/figure>\n\n\n\n<p>Adrenalinski park 5km<\/p>\n\n\n\n<figure class=\"wp-block-image size-large is-resized\"><a href=\"https:\/\/www.glavanipark.com\/\"><img loading=\"lazy\" src=\"http:\/\/istra-apartmani.com.hr\/wp-content\/uploads\/2020\/05\/13335793_1373654109317464_1866742158413118794_n-e1516816504230-750x400-1.jpg\" alt=\"\" class=\"wp-image-77\" width=\"100\" height=\"100\" srcset=\"http:\/\/istra-apartmani.com.hr\/wp-content\/uploads\/2020\/05\/13335793_1373654109317464_1866742158413118794_n-e1516816504230-750x400-1-150x150.jpg 150w, http:\/\/istra-apartmani.com.hr\/wp-content\/uploads\/2020\/05\/13335793_1373654109317464_1866742158413118794_n-e1516816504230-750x400-1-100x100.jpg 100w\" sizes=\"(max-width: 100px) 100vw, 100px\" \/><\/a><\/figure>\n\n\n\n<p>Pula 15km<\/p>\n\n\n\n<figure class=\"wp-block-image size-large is-resized\"><a href=\"https:\/\/www.pulainfo.hr\/hr\/\"><img loading=\"lazy\" src=\"http:\/\/istra-apartmani.com.hr\/wp-content\/uploads\/2020\/05\/1200px-Pula_Aerial_View-1024x625.jpg\" alt=\"\" class=\"wp-image-79\" width=\"100\" height=\"100\" srcset=\"http:\/\/istra-apartmani.com.hr\/wp-content\/uploads\/2020\/05\/1200px-Pula_Aerial_View-150x150.jpg 150w, http:\/\/istra-apartmani.com.hr\/wp-content\/uploads\/2020\/05\/1200px-Pula_Aerial_View-100x100.jpg 100w\" sizes=\"(max-width: 100px) 100vw, 100px\" \/><\/a><\/figure>\n\n\n\n<p>Aqua Park Pore\u010d 30km<\/p>\n\n\n\n<figure class=\"wp-block-image size-large is-resized\"><a href=\"https:\/\/www.aquacolors.eu\/\"><img loading=\"lazy\" src=\"http:\/\/istra-apartmani.com.hr\/wp-content\/uploads\/2020\/05\/download.jpeg\" alt=\"\" class=\"wp-image-81\" width=\"100\" height=\"100\" srcset=\"http:\/\/istra-apartmani.com.hr\/wp-content\/uploads\/2020\/05\/download-150x150.jpeg 150w, http:\/\/istra-apartmani.com.hr\/wp-content\/uploads\/2020\/05\/download-100x100.jpeg 100w\" sizes=\"(max-width: 100px) 100vw, 100px\" \/><\/a><\/figure>\n\n\n\n<p>Rovinj 16km<\/p>\n\n\n\n<figure class=\"wp-block-image size-large is-resized\"><a href=\"https:\/\/www.rovinj-tourism.com\/hr\"><img loading=\"lazy\" src=\"http:\/\/istra-apartmani.com.hr\/wp-content\/uploads\/2020\/05\/Rovinj-iz-zraka.jpg\" alt=\"\" class=\"wp-image-84\" width=\"100\" height=\"100\" srcset=\"http:\/\/istra-apartmani.com.hr\/wp-content\/uploads\/2020\/05\/Rovinj-iz-zraka-150x150.jpg 150w, http:\/\/istra-apartmani.com.hr\/wp-content\/uploads\/2020\/05\/Rovinj-iz-zraka-100x100.jpg 100w\" sizes=\"(max-width: 100px) 100vw, 100px\" \/><\/a><\/figure>\n\n\n\n<p>Brijuni 14km<\/p>\n\n\n\n<figure class=\"wp-block-image size-large is-resized\"><a href=\"https:\/\/www.np-brijuni.hr\/en\"><img loading=\"lazy\" src=\"http:\/\/istra-apartmani.com.hr\/wp-content\/uploads\/2020\/05\/brijuni_iz_zraka2-1024x582.jpg\" alt=\"\" class=\"wp-image-86\" width=\"100\" height=\"100\" srcset=\"http:\/\/istra-apartmani.com.hr\/wp-content\/uploads\/2020\/05\/brijuni_iz_zraka2-150x150.jpg 150w, http:\/\/istra-apartmani.com.hr\/wp-content\/uploads\/2020\/05\/brijuni_iz_zraka2-100x100.jpg 100w\" sizes=\"(max-width: 100px) 100vw, 100px\" \/><\/a><\/figure>\n","protected":false},"excerpt":{"rendered":"<p>Na ure\u0111enoj i ogra\u0111enoj parceli mjesta Orbani\u0107i nalaze se ova dva novo opremljena apartmana za odmor, te preure\u0111ena i potpuno adaptirana luksuzna ku\u0107a za odmor. Vrlo lijepo i kvalitetno ure\u0111eni nude komfor u miru istarskog sela, a opet samo dvadesetak minuta vo\u017enje autom udaljeni od prvih pla\u017ea i turisti\u010dkih sredi\u0161ta. Svaki od apartmana posjeduje vlastitu &hellip; <\/p>\n<p class=\"link-more\"><a href=\"http:\/\/istra-apartmani.com.hr\/\" class=\"more-link\">Continue reading<span class=\"screen-reader-text\"> &#8220;Luksuzna ku\u0107a za odmor&#8221;<\/span><\/a><\/p>\n","protected":false},"author":1,"featured_media":0,"parent":0,"menu_order":0,"comment_status":"closed","ping_status":"closed","template":"","meta":[],"_links":{"self":[{"href":"http:\/\/istra-apartmani.com.hr\/index.php\/wp-json\/wp\/v2\/pages\/28"}],"collection":[{"href":"http:\/\/istra-apartmani.com.hr\/index.php\/wp-json\/wp\/v2\/pages"}],"about":[{"href":"http:\/\/istra-apartmani.com.hr\/index.php\/wp-json\/wp\/v2\/types\/page"}],"author":[{"embeddable":true,"href":"http:\/\/istra-apartmani.com.hr\/index.php\/wp-json\/wp\/v2\/users\/1"}],"replies":[{"embeddable":true,"href":"http:\/\/istra-apartmani.com.hr\/index.php\/wp-json\/wp\/v2\/comments?post=28"}],"version-history":[{"count":16,"href":"http:\/\/istra-apartmani.com.hr\/index.php\/wp-json\/wp\/v2\/pages\/28\/revisions"}],"predecessor-version":[{"id":93,"href":"http:\/\/istra-apartmani.com.hr\/index.php\/wp-json\/wp\/v2\/pages\/28\/revisions\/93"}],"wp:attachment":[{"href":"http:\/\/istra-apartmani.com.hr\/index.php\/wp-json\/wp\/v2\/media?parent=28"}],"curies":[{"name":"wp","href":"https:\/\/api.w.org\/{rel}","templated":true}]}}