{"id":264,"date":"2020-05-16T11:24:54","date_gmt":"2020-05-16T11:24:54","guid":{"rendered":"http:\/\/istra-apartmani.com.hr\/?page_id=264"},"modified":"2020-05-17T08:57:13","modified_gmt":"2020-05-17T08:57:13","slug":"wohnung-2","status":"publish","type":"page","link":"http:\/\/istra-apartmani.com.hr\/index.php\/wohnung-2\/","title":{"rendered":"WOHNUNG 2"},"content":{"rendered":"\n<p>Kalender<\/p>\n\n\n\n<figure class=\"wp-block-image size-large is-resized\"><a href=\"http:\/\/istra-apartmani.com.hr\/wp-content\/uploads\/2020\/05\/Apartman-2-kalendar.pdf\"><img loading=\"lazy\" src=\"http:\/\/istra-apartmani.com.hr\/wp-content\/uploads\/2020\/05\/calendar-link.jpg\" alt=\"\" class=\"wp-image-221\" width=\"100\" height=\"100\" srcset=\"http:\/\/istra-apartmani.com.hr\/wp-content\/uploads\/2020\/05\/calendar-link-150x150.jpg 150w, http:\/\/istra-apartmani.com.hr\/wp-content\/uploads\/2020\/05\/calendar-link-100x100.jpg 100w\" sizes=\"(max-width: 100px) 100vw, 100px\" \/><\/a><\/figure>\n\n\n\n<p>Grundlegende Informationen<\/p>\n\n\n\n<p>Erdgeschoss<\/p>\n\n\n\n<p>Konstruktionsmaterial: Stein<\/p>\n\n\n\n<p>Haustiere: 0<\/p>\n\n\n\n<p>Die Hausfrau wohnt im Haus<\/p>\n\n\n\n<p>Baujahr: 1960<\/p>\n\n\n\n<p>Renovierungsjahr: 2012<\/p>\n\n\n\n<p>Personen: 4<\/p>\n\n\n\n<p>Features<\/p>\n\n\n\n<p>1 Fernseher<\/p>\n\n\n\n<p>Satellitenantenne<\/p>\n\n\n\n<p>Internet (kostenlos, drahtlos)<\/p>\n\n\n\n<p>R\u00e4umlichkeiten<\/p>\n\n\n\n<p>K\u00fcche: warmes und kaltes Wasser<\/p>\n\n\n\n<p>Wohnk\u00fcche Nr. 1<\/p>\n\n\n\n<p>Schlafsofa (2 Pl\u00e4tze)<\/p>\n\n\n\n<p>Badezimmer Nr. 1<\/p>\n\n\n\n<p>Toiletten: warmes und kaltes Wasser, Dusche<\/p>\n\n\n\n<p>Schlafzimmer Nr. 1<\/p>\n\n\n\n<p>Doppelbett (2 Pl\u00e4tze)<\/p>\n\n\n\n<p>Ausr\u00fcstung<\/p>\n\n\n\n<p>Herd (Gas \/ Strom)<\/p>\n\n\n\n<p>K\u00fchlschrank<\/p>\n\n\n\n<p>Napa<\/p>\n\n\n\n<p>Einfrieren: 50 l<\/p>\n\n\n\n<p>Kaffeemaschine<\/p>\n\n\n\n<p>Mikrowellenherd<\/p>\n\n\n\n<p>Waschmaschine<\/p>\n\n\n\n<p>Sp\u00fclmaschine<\/p>\n\n\n\n<p>Energie \/ Heizung<\/p>\n\n\n\n<p>Volle W\u00e4rmed\u00e4mmung<\/p>\n\n\n\n<p>Elektrische heizung<\/p>\n\n\n\n<p>Kamin<\/p>\n\n\n\n<p>Klimaanlage w \/ k: 1 Stck.<\/p>\n\n\n\n<p>Innenfeld<\/p>\n\n\n\n<p>Gemeinsames Grundst\u00fcck: 100 m2<\/p>\n\n\n\n<p>Gemeinsame Gartenm\u00f6bel<\/p>\n\n\n\n<p>Parken auf dem Grundst\u00fcck: 1 Platz<\/p>\n\n\n\n<p>Gemeinsamer Grill<\/p>\n\n\n\n<p>Terrasse Nr. 1: 15 m2<\/p>\n\n\n\n<p>Offene Terrasse<\/p>\n\n\n\n<p>Umgebung<\/p>\n\n\n\n<p>Entfernung von den ersten Nachbarn: 10 m<\/p>\n\n\n\n<p>Entfernung vom Laden: 100 m<\/p>\n\n\n\n<p>Entfernung vom Restaurant: 4 km<\/p>\n\n\n\n<p>Entfernung zur n\u00e4chsten Stadt: 7 km (Vodnjan)<\/p>\n\n\n\n<p>Entfernung vom Meer: 9.5 km (Kiesstrand)<\/p>\n\n\n\n<figure class=\"wp-block-gallery columns-3 is-cropped\"><ul class=\"blocks-gallery-grid\"><li class=\"blocks-gallery-item\"><figure><a href=\"http:\/\/istra-apartmani.com.hr\/wp-content\/uploads\/2020\/05\/MG_6776-1.jpg\"><img loading=\"lazy\" width=\"900\" height=\"554\" src=\"http:\/\/istra-apartmani.com.hr\/wp-content\/uploads\/2020\/05\/MG_6776-1.jpg\" alt=\"\" data-id=\"217\" data-full-url=\"http:\/\/istra-apartmani.com.hr\/wp-content\/uploads\/2020\/05\/MG_6776-1.jpg\" data-link=\"http:\/\/istra-apartmani.com.hr\/index.php\/apartman-2\/mg_6776-1\/\" class=\"wp-image-217\" srcset=\"http:\/\/istra-apartmani.com.hr\/wp-content\/uploads\/2020\/05\/MG_6776-1.jpg 900w, http:\/\/istra-apartmani.com.hr\/wp-content\/uploads\/2020\/05\/MG_6776-1-300x185.jpg 300w, http:\/\/istra-apartmani.com.hr\/wp-content\/uploads\/2020\/05\/MG_6776-1-768x473.jpg 768w\" sizes=\"(max-width: 706px) 89vw, (max-width: 767px) 82vw, 740px\" \/><\/a><\/figure><\/li><li class=\"blocks-gallery-item\"><figure><a href=\"http:\/\/istra-apartmani.com.hr\/wp-content\/uploads\/2020\/05\/MG_6777-1.jpg\"><img loading=\"lazy\" width=\"900\" height=\"600\" src=\"http:\/\/istra-apartmani.com.hr\/wp-content\/uploads\/2020\/05\/MG_6777-1.jpg\" alt=\"\" data-id=\"218\" data-full-url=\"http:\/\/istra-apartmani.com.hr\/wp-content\/uploads\/2020\/05\/MG_6777-1.jpg\" data-link=\"http:\/\/istra-apartmani.com.hr\/index.php\/apartman-2\/mg_6777-1\/\" class=\"wp-image-218\" srcset=\"http:\/\/istra-apartmani.com.hr\/wp-content\/uploads\/2020\/05\/MG_6777-1.jpg 900w, http:\/\/istra-apartmani.com.hr\/wp-content\/uploads\/2020\/05\/MG_6777-1-300x200.jpg 300w, http:\/\/istra-apartmani.com.hr\/wp-content\/uploads\/2020\/05\/MG_6777-1-768x512.jpg 768w\" sizes=\"(max-width: 706px) 89vw, (max-width: 767px) 82vw, 740px\" \/><\/a><\/figure><\/li><li class=\"blocks-gallery-item\"><figure><a href=\"http:\/\/istra-apartmani.com.hr\/wp-content\/uploads\/2020\/05\/MG_6782-1.jpg\"><img loading=\"lazy\" width=\"900\" height=\"600\" src=\"http:\/\/istra-apartmani.com.hr\/wp-content\/uploads\/2020\/05\/MG_6782-1.jpg\" alt=\"\" data-id=\"219\" data-full-url=\"http:\/\/istra-apartmani.com.hr\/wp-content\/uploads\/2020\/05\/MG_6782-1.jpg\" data-link=\"http:\/\/istra-apartmani.com.hr\/index.php\/apartman-2\/mg_6782-1\/\" class=\"wp-image-219\" srcset=\"http:\/\/istra-apartmani.com.hr\/wp-content\/uploads\/2020\/05\/MG_6782-1.jpg 900w, http:\/\/istra-apartmani.com.hr\/wp-content\/uploads\/2020\/05\/MG_6782-1-300x200.jpg 300w, http:\/\/istra-apartmani.com.hr\/wp-content\/uploads\/2020\/05\/MG_6782-1-768x512.jpg 768w\" sizes=\"(max-width: 706px) 89vw, (max-width: 767px) 82vw, 740px\" \/><\/a><\/figure><\/li><li class=\"blocks-gallery-item\"><figure><a href=\"http:\/\/istra-apartmani.com.hr\/wp-content\/uploads\/2020\/05\/MG_7256.jpg\"><img loading=\"lazy\" width=\"900\" height=\"600\" src=\"http:\/\/istra-apartmani.com.hr\/wp-content\/uploads\/2020\/05\/MG_7256.jpg\" alt=\"\" data-id=\"201\" data-link=\"http:\/\/istra-apartmani.com.hr\/index.php\/apartman-2\/mg_7256\/\" class=\"wp-image-201\" srcset=\"http:\/\/istra-apartmani.com.hr\/wp-content\/uploads\/2020\/05\/MG_7256.jpg 900w, http:\/\/istra-apartmani.com.hr\/wp-content\/uploads\/2020\/05\/MG_7256-300x200.jpg 300w, http:\/\/istra-apartmani.com.hr\/wp-content\/uploads\/2020\/05\/MG_7256-768x512.jpg 768w\" sizes=\"(max-width: 706px) 89vw, (max-width: 767px) 82vw, 740px\" \/><\/a><\/figure><\/li><li class=\"blocks-gallery-item\"><figure><a href=\"http:\/\/istra-apartmani.com.hr\/wp-content\/uploads\/2020\/05\/MG_7257.jpg\"><img loading=\"lazy\" width=\"900\" height=\"600\" src=\"http:\/\/istra-apartmani.com.hr\/wp-content\/uploads\/2020\/05\/MG_7257.jpg\" alt=\"\" data-id=\"202\" data-link=\"http:\/\/istra-apartmani.com.hr\/index.php\/apartman-2\/mg_7257\/\" class=\"wp-image-202\" srcset=\"http:\/\/istra-apartmani.com.hr\/wp-content\/uploads\/2020\/05\/MG_7257.jpg 900w, http:\/\/istra-apartmani.com.hr\/wp-content\/uploads\/2020\/05\/MG_7257-300x200.jpg 300w, http:\/\/istra-apartmani.com.hr\/wp-content\/uploads\/2020\/05\/MG_7257-768x512.jpg 768w\" sizes=\"(max-width: 706px) 89vw, (max-width: 767px) 82vw, 740px\" \/><\/a><\/figure><\/li><li class=\"blocks-gallery-item\"><figure><a href=\"http:\/\/istra-apartmani.com.hr\/wp-content\/uploads\/2020\/05\/MG_7259.jpg\"><img loading=\"lazy\" width=\"900\" height=\"587\" src=\"http:\/\/istra-apartmani.com.hr\/wp-content\/uploads\/2020\/05\/MG_7259.jpg\" alt=\"\" data-id=\"203\" data-link=\"http:\/\/istra-apartmani.com.hr\/index.php\/apartman-2\/mg_7259\/\" class=\"wp-image-203\" srcset=\"http:\/\/istra-apartmani.com.hr\/wp-content\/uploads\/2020\/05\/MG_7259.jpg 900w, http:\/\/istra-apartmani.com.hr\/wp-content\/uploads\/2020\/05\/MG_7259-300x196.jpg 300w, http:\/\/istra-apartmani.com.hr\/wp-content\/uploads\/2020\/05\/MG_7259-768x501.jpg 768w\" sizes=\"(max-width: 706px) 89vw, (max-width: 767px) 82vw, 740px\" \/><\/a><\/figure><\/li><li class=\"blocks-gallery-item\"><figure><a href=\"http:\/\/istra-apartmani.com.hr\/wp-content\/uploads\/2020\/05\/MG_7262.jpg\"><img loading=\"lazy\" width=\"900\" height=\"655\" src=\"http:\/\/istra-apartmani.com.hr\/wp-content\/uploads\/2020\/05\/MG_7262.jpg\" alt=\"\" data-id=\"204\" data-link=\"http:\/\/istra-apartmani.com.hr\/index.php\/apartman-2\/mg_7262\/\" class=\"wp-image-204\" srcset=\"http:\/\/istra-apartmani.com.hr\/wp-content\/uploads\/2020\/05\/MG_7262.jpg 900w, http:\/\/istra-apartmani.com.hr\/wp-content\/uploads\/2020\/05\/MG_7262-300x218.jpg 300w, http:\/\/istra-apartmani.com.hr\/wp-content\/uploads\/2020\/05\/MG_7262-768x559.jpg 768w\" sizes=\"(max-width: 706px) 89vw, (max-width: 767px) 82vw, 740px\" \/><\/a><\/figure><\/li><li class=\"blocks-gallery-item\"><figure><a href=\"http:\/\/istra-apartmani.com.hr\/wp-content\/uploads\/2020\/05\/MG_7265.jpg\"><img loading=\"lazy\" width=\"900\" height=\"602\" src=\"http:\/\/istra-apartmani.com.hr\/wp-content\/uploads\/2020\/05\/MG_7265.jpg\" alt=\"\" data-id=\"205\" data-link=\"http:\/\/istra-apartmani.com.hr\/index.php\/apartman-2\/mg_7265\/\" class=\"wp-image-205\" srcset=\"http:\/\/istra-apartmani.com.hr\/wp-content\/uploads\/2020\/05\/MG_7265.jpg 900w, http:\/\/istra-apartmani.com.hr\/wp-content\/uploads\/2020\/05\/MG_7265-300x201.jpg 300w, http:\/\/istra-apartmani.com.hr\/wp-content\/uploads\/2020\/05\/MG_7265-768x514.jpg 768w\" sizes=\"(max-width: 706px) 89vw, (max-width: 767px) 82vw, 740px\" \/><\/a><\/figure><\/li><li class=\"blocks-gallery-item\"><figure><a href=\"http:\/\/istra-apartmani.com.hr\/wp-content\/uploads\/2020\/05\/MG_7271.jpg\"><img loading=\"lazy\" width=\"900\" height=\"600\" src=\"http:\/\/istra-apartmani.com.hr\/wp-content\/uploads\/2020\/05\/MG_7271.jpg\" alt=\"\" data-id=\"206\" data-link=\"http:\/\/istra-apartmani.com.hr\/index.php\/apartman-2\/mg_7271\/\" class=\"wp-image-206\" srcset=\"http:\/\/istra-apartmani.com.hr\/wp-content\/uploads\/2020\/05\/MG_7271.jpg 900w, http:\/\/istra-apartmani.com.hr\/wp-content\/uploads\/2020\/05\/MG_7271-300x200.jpg 300w, http:\/\/istra-apartmani.com.hr\/wp-content\/uploads\/2020\/05\/MG_7271-768x512.jpg 768w\" sizes=\"(max-width: 706px) 89vw, (max-width: 767px) 82vw, 740px\" \/><\/a><\/figure><\/li><li class=\"blocks-gallery-item\"><figure><a href=\"http:\/\/istra-apartmani.com.hr\/wp-content\/uploads\/2020\/05\/MG_7273.jpg\"><img loading=\"lazy\" width=\"900\" height=\"600\" src=\"http:\/\/istra-apartmani.com.hr\/wp-content\/uploads\/2020\/05\/MG_7273.jpg\" alt=\"\" data-id=\"207\" data-link=\"http:\/\/istra-apartmani.com.hr\/index.php\/apartman-2\/mg_7273\/\" class=\"wp-image-207\" srcset=\"http:\/\/istra-apartmani.com.hr\/wp-content\/uploads\/2020\/05\/MG_7273.jpg 900w, http:\/\/istra-apartmani.com.hr\/wp-content\/uploads\/2020\/05\/MG_7273-300x200.jpg 300w, http:\/\/istra-apartmani.com.hr\/wp-content\/uploads\/2020\/05\/MG_7273-768x512.jpg 768w\" sizes=\"(max-width: 706px) 89vw, (max-width: 767px) 82vw, 740px\" \/><\/a><\/figure><\/li><li class=\"blocks-gallery-item\"><figure><a href=\"http:\/\/istra-apartmani.com.hr\/wp-content\/uploads\/2020\/05\/MG_7275.jpg\"><img loading=\"lazy\" width=\"900\" height=\"675\" src=\"http:\/\/istra-apartmani.com.hr\/wp-content\/uploads\/2020\/05\/MG_7275.jpg\" alt=\"\" data-id=\"208\" data-link=\"http:\/\/istra-apartmani.com.hr\/index.php\/apartman-2\/mg_7275\/\" class=\"wp-image-208\" srcset=\"http:\/\/istra-apartmani.com.hr\/wp-content\/uploads\/2020\/05\/MG_7275.jpg 900w, http:\/\/istra-apartmani.com.hr\/wp-content\/uploads\/2020\/05\/MG_7275-300x225.jpg 300w, http:\/\/istra-apartmani.com.hr\/wp-content\/uploads\/2020\/05\/MG_7275-768x576.jpg 768w\" sizes=\"(max-width: 706px) 89vw, (max-width: 767px) 82vw, 740px\" \/><\/a><\/figure><\/li><li class=\"blocks-gallery-item\"><figure><a href=\"http:\/\/istra-apartmani.com.hr\/wp-content\/uploads\/2020\/05\/MG_7277.jpg\"><img loading=\"lazy\" width=\"900\" height=\"600\" src=\"http:\/\/istra-apartmani.com.hr\/wp-content\/uploads\/2020\/05\/MG_7277.jpg\" alt=\"\" data-id=\"209\" data-link=\"http:\/\/istra-apartmani.com.hr\/index.php\/apartman-2\/mg_7277\/\" class=\"wp-image-209\" srcset=\"http:\/\/istra-apartmani.com.hr\/wp-content\/uploads\/2020\/05\/MG_7277.jpg 900w, http:\/\/istra-apartmani.com.hr\/wp-content\/uploads\/2020\/05\/MG_7277-300x200.jpg 300w, http:\/\/istra-apartmani.com.hr\/wp-content\/uploads\/2020\/05\/MG_7277-768x512.jpg 768w\" sizes=\"(max-width: 706px) 89vw, (max-width: 767px) 82vw, 740px\" \/><\/a><\/figure><\/li><li class=\"blocks-gallery-item\"><figure><a href=\"http:\/\/istra-apartmani.com.hr\/wp-content\/uploads\/2020\/05\/MG_7278.jpg\"><img loading=\"lazy\" width=\"900\" height=\"600\" src=\"http:\/\/istra-apartmani.com.hr\/wp-content\/uploads\/2020\/05\/MG_7278.jpg\" alt=\"\" data-id=\"210\" data-link=\"http:\/\/istra-apartmani.com.hr\/index.php\/apartman-2\/mg_7278\/\" class=\"wp-image-210\" srcset=\"http:\/\/istra-apartmani.com.hr\/wp-content\/uploads\/2020\/05\/MG_7278.jpg 900w, http:\/\/istra-apartmani.com.hr\/wp-content\/uploads\/2020\/05\/MG_7278-300x200.jpg 300w, http:\/\/istra-apartmani.com.hr\/wp-content\/uploads\/2020\/05\/MG_7278-768x512.jpg 768w\" sizes=\"(max-width: 706px) 89vw, (max-width: 767px) 82vw, 740px\" \/><\/a><\/figure><\/li><li class=\"blocks-gallery-item\"><figure><a href=\"http:\/\/istra-apartmani.com.hr\/wp-content\/uploads\/2020\/05\/MG_7280.jpg\"><img loading=\"lazy\" width=\"900\" height=\"600\" src=\"http:\/\/istra-apartmani.com.hr\/wp-content\/uploads\/2020\/05\/MG_7280.jpg\" alt=\"\" data-id=\"211\" data-link=\"http:\/\/istra-apartmani.com.hr\/index.php\/apartman-2\/mg_7280\/\" class=\"wp-image-211\" srcset=\"http:\/\/istra-apartmani.com.hr\/wp-content\/uploads\/2020\/05\/MG_7280.jpg 900w, http:\/\/istra-apartmani.com.hr\/wp-content\/uploads\/2020\/05\/MG_7280-300x200.jpg 300w, http:\/\/istra-apartmani.com.hr\/wp-content\/uploads\/2020\/05\/MG_7280-768x512.jpg 768w\" sizes=\"(max-width: 706px) 89vw, (max-width: 767px) 82vw, 740px\" \/><\/a><\/figure><\/li><li class=\"blocks-gallery-item\"><figure><a href=\"http:\/\/istra-apartmani.com.hr\/wp-content\/uploads\/2020\/05\/MG_7282.jpg\"><img loading=\"lazy\" width=\"900\" height=\"600\" src=\"http:\/\/istra-apartmani.com.hr\/wp-content\/uploads\/2020\/05\/MG_7282.jpg\" alt=\"\" data-id=\"212\" data-link=\"http:\/\/istra-apartmani.com.hr\/index.php\/apartman-2\/mg_7282\/\" class=\"wp-image-212\" srcset=\"http:\/\/istra-apartmani.com.hr\/wp-content\/uploads\/2020\/05\/MG_7282.jpg 900w, http:\/\/istra-apartmani.com.hr\/wp-content\/uploads\/2020\/05\/MG_7282-300x200.jpg 300w, http:\/\/istra-apartmani.com.hr\/wp-content\/uploads\/2020\/05\/MG_7282-768x512.jpg 768w\" sizes=\"(max-width: 706px) 89vw, (max-width: 767px) 82vw, 740px\" \/><\/a><\/figure><\/li><li class=\"blocks-gallery-item\"><figure><a href=\"http:\/\/istra-apartmani.com.hr\/wp-content\/uploads\/2020\/05\/MG_7283.jpg\"><img loading=\"lazy\" width=\"900\" height=\"600\" src=\"http:\/\/istra-apartmani.com.hr\/wp-content\/uploads\/2020\/05\/MG_7283.jpg\" alt=\"\" data-id=\"213\" data-link=\"http:\/\/istra-apartmani.com.hr\/index.php\/apartman-2\/mg_7283\/\" class=\"wp-image-213\" srcset=\"http:\/\/istra-apartmani.com.hr\/wp-content\/uploads\/2020\/05\/MG_7283.jpg 900w, http:\/\/istra-apartmani.com.hr\/wp-content\/uploads\/2020\/05\/MG_7283-300x200.jpg 300w, http:\/\/istra-apartmani.com.hr\/wp-content\/uploads\/2020\/05\/MG_7283-768x512.jpg 768w\" sizes=\"(max-width: 706px) 89vw, (max-width: 767px) 82vw, 740px\" \/><\/a><\/figure><\/li><li class=\"blocks-gallery-item\"><figure><a href=\"http:\/\/istra-apartmani.com.hr\/wp-content\/uploads\/2020\/05\/MG_7284.jpg\"><img loading=\"lazy\" width=\"900\" height=\"593\" src=\"http:\/\/istra-apartmani.com.hr\/wp-content\/uploads\/2020\/05\/MG_7284.jpg\" alt=\"\" data-id=\"214\" data-link=\"http:\/\/istra-apartmani.com.hr\/index.php\/apartman-2\/mg_7284\/\" class=\"wp-image-214\" srcset=\"http:\/\/istra-apartmani.com.hr\/wp-content\/uploads\/2020\/05\/MG_7284.jpg 900w, http:\/\/istra-apartmani.com.hr\/wp-content\/uploads\/2020\/05\/MG_7284-300x198.jpg 300w, http:\/\/istra-apartmani.com.hr\/wp-content\/uploads\/2020\/05\/MG_7284-768x506.jpg 768w\" sizes=\"(max-width: 706px) 89vw, (max-width: 767px) 82vw, 740px\" \/><\/a><\/figure><\/li><li class=\"blocks-gallery-item\"><figure><a href=\"http:\/\/istra-apartmani.com.hr\/wp-content\/uploads\/2020\/05\/MG_7288.jpg\"><img loading=\"lazy\" width=\"900\" height=\"600\" src=\"http:\/\/istra-apartmani.com.hr\/wp-content\/uploads\/2020\/05\/MG_7288.jpg\" alt=\"\" data-id=\"215\" data-link=\"http:\/\/istra-apartmani.com.hr\/index.php\/apartman-2\/mg_7288\/\" class=\"wp-image-215\" srcset=\"http:\/\/istra-apartmani.com.hr\/wp-content\/uploads\/2020\/05\/MG_7288.jpg 900w, http:\/\/istra-apartmani.com.hr\/wp-content\/uploads\/2020\/05\/MG_7288-300x200.jpg 300w, http:\/\/istra-apartmani.com.hr\/wp-content\/uploads\/2020\/05\/MG_7288-768x512.jpg 768w\" sizes=\"(max-width: 706px) 89vw, (max-width: 767px) 82vw, 740px\" \/><\/a><\/figure><\/li><li class=\"blocks-gallery-item\"><figure><a href=\"http:\/\/istra-apartmani.com.hr\/wp-content\/uploads\/2020\/05\/MG_7289.jpg\"><img loading=\"lazy\" width=\"600\" height=\"900\" src=\"http:\/\/istra-apartmani.com.hr\/wp-content\/uploads\/2020\/05\/MG_7289.jpg\" alt=\"\" data-id=\"216\" data-link=\"http:\/\/istra-apartmani.com.hr\/index.php\/apartman-2\/mg_7289\/\" class=\"wp-image-216\" srcset=\"http:\/\/istra-apartmani.com.hr\/wp-content\/uploads\/2020\/05\/MG_7289.jpg 600w, http:\/\/istra-apartmani.com.hr\/wp-content\/uploads\/2020\/05\/MG_7289-200x300.jpg 200w\" sizes=\"(max-width: 600px) 100vw, 600px\" \/><\/a><\/figure><\/li><\/ul><\/figure>\n","protected":false},"excerpt":{"rendered":"<p>Kalender Grundlegende Informationen Erdgeschoss Konstruktionsmaterial: Stein Haustiere: 0 Die Hausfrau wohnt im Haus Baujahr: 1960 Renovierungsjahr: 2012 Personen: 4 Features 1 Fernseher Satellitenantenne Internet (kostenlos, drahtlos) R\u00e4umlichkeiten K\u00fcche: warmes und kaltes Wasser Wohnk\u00fcche Nr. 1 Schlafsofa (2 Pl\u00e4tze) Badezimmer Nr. 1 Toiletten: warmes und kaltes Wasser, Dusche Schlafzimmer Nr. 1 Doppelbett (2 Pl\u00e4tze) Ausr\u00fcstung Herd &hellip; <\/p>\n<p class=\"link-more\"><a href=\"http:\/\/istra-apartmani.com.hr\/index.php\/wohnung-2\/\" class=\"more-link\">Continue reading<span class=\"screen-reader-text\"> &#8220;WOHNUNG 2&#8221;<\/span><\/a><\/p>\n","protected":false},"author":1,"featured_media":0,"parent":0,"menu_order":0,"comment_status":"closed","ping_status":"closed","template":"","meta":[],"_links":{"self":[{"href":"http:\/\/istra-apartmani.com.hr\/index.php\/wp-json\/wp\/v2\/pages\/264"}],"collection":[{"href":"http:\/\/istra-apartmani.com.hr\/index.php\/wp-json\/wp\/v2\/pages"}],"about":[{"href":"http:\/\/istra-apartmani.com.hr\/index.php\/wp-json\/wp\/v2\/types\/page"}],"author":[{"embeddable":true,"href":"http:\/\/istra-apartmani.com.hr\/index.php\/wp-json\/wp\/v2\/users\/1"}],"replies":[{"embeddable":true,"href":"http:\/\/istra-apartmani.com.hr\/index.php\/wp-json\/wp\/v2\/comments?post=264"}],"version-history":[{"count":5,"href":"http:\/\/istra-apartmani.com.hr\/index.php\/wp-json\/wp\/v2\/pages\/264\/revisions"}],"predecessor-version":[{"id":327,"href":"http:\/\/istra-apartmani.com.hr\/index.php\/wp-json\/wp\/v2\/pages\/264\/revisions\/327"}],"wp:attachment":[{"href":"http:\/\/istra-apartmani.com.hr\/index.php\/wp-json\/wp\/v2\/media?parent=264"}],"curies":[{"name":"wp","href":"https:\/\/api.w.org\/{rel}","templated":true}]}}